{"id":458,"date":"2024-01-22T18:11:40","date_gmt":"2024-01-22T18:11:40","guid":{"rendered":"http:\/\/www.rutinautosiskola.hu\/?page_id=458"},"modified":"2025-06-16T10:25:45","modified_gmt":"2025-06-16T10:25:45","slug":"e-learning-2","status":"publish","type":"page","link":"https:\/\/rutinautosiskola.hu\/?page_id=458","title":{"rendered":"E-learning"},"content":{"rendered":"<p>[et_pb_section fb_built=&#8221;1&#8243; _builder_version=&#8221;4.16&#8243; _module_preset=&#8221;default&#8221; global_colors_info=&#8221;{}&#8221;][et_pb_row column_structure=&#8221;1_3,1_3,1_3&#8243; _builder_version=&#8221;4.16&#8243; _module_preset=&#8221;default&#8221; width=&#8221;71.1%&#8221; global_colors_info=&#8221;{}&#8221;][et_pb_column type=&#8221;1_3&#8243; _builder_version=&#8221;4.16&#8243; _module_preset=&#8221;default&#8221; global_colors_info=&#8221;{}&#8221;][et_pb_text _builder_version=&#8221;4.16&#8243; _module_preset=&#8221;default&#8221; global_colors_info=&#8221;{}&#8221;]<\/p>\n<h3 style=\"text-align: center;\"><span style=\"font-size: large;\"><strong>Jelentkez\u00e9s online KRESZ tanfolyamra<\/strong><\/span><\/h3>\n<p>[\/et_pb_text][et_pb_button button_url=&#8221;https:\/\/forms.gle\/KbgScJhnGPgBuHUs6&#8243; url_new_window=&#8221;on&#8221; button_text=&#8221;Jelentkezem&#8221; button_alignment=&#8221;center&#8221; _builder_version=&#8221;4.24.2&#8243; _module_preset=&#8221;default&#8221; custom_button=&#8221;on&#8221; button_text_color=&#8221;#000080&#8243; button_bg_color=&#8221;#87CEFA&#8221; button_border_color=&#8221;#000080&#8243; button_border_radius=&#8221;14px&#8221; filter_saturate=&#8221;92%&#8221; animation_style=&#8221;roll&#8221; animation_direction=&#8221;bottom&#8221; animation_delay=&#8221;450ms&#8221; animation_intensity_roll=&#8221;16%&#8221; hover_enabled=&#8221;0&#8243; box_shadow_style=&#8221;preset3&#8243; box_shadow_color=&#8221;#000080&#8243; global_colors_info=&#8221;{}&#8221; sticky_enabled=&#8221;0&#8243;][\/et_pb_button][et_pb_text _builder_version=&#8221;4.24.2&#8243; _module_preset=&#8221;default&#8221; custom_padding=&#8221;||7px|||&#8221; hover_enabled=&#8221;0&#8243; global_colors_info=&#8221;{}&#8221; sticky_enabled=&#8221;0&#8243;]<\/p>\n<h4>Aktu\u00e1lis akci\u00f3nk a facebook oldalunkon l\u00e1that\u00f3, <br \/>vagy irod\u00e1nkban \u00e9rdekl\u0151dni.<\/h4>\n<pre>Az akci\u00f3 abban az esetben\n\u00e9rv\u00e9nyes, ha a teljes k\u00e9pz\u00e9st\niskol\u00e1nkn\u00e1l v\u00e9gzi el,\nellenben iskolav\u00e1lt\u00e1skor\nvisszafizetend\u0151.<\/pre>\n<p>&nbsp;<\/p>\n<p>[\/et_pb_text][\/et_pb_column][et_pb_column type=&#8221;1_3&#8243; _builder_version=&#8221;4.16&#8243; _module_preset=&#8221;default&#8221; global_colors_info=&#8221;{}&#8221;][et_pb_text _builder_version=&#8221;4.16&#8243; _module_preset=&#8221;default&#8221; global_colors_info=&#8221;{}&#8221;]<\/p>\n<h3 style=\"text-align: center;\"><strong><span style=\"font-size: large;\">Apply for an English language online course<\/span><\/strong><\/h3>\n<p>[\/et_pb_text][et_pb_button button_url=&#8221;https:\/\/etitan.hu\/site\/en\/WebReg\/Registration\/uOhMB6v9IECtJstYxmRgEQ&#8221; url_new_window=&#8221;on&#8221; button_text=&#8221;Registration&#8221; button_alignment=&#8221;center&#8221; _builder_version=&#8221;4.16&#8243; _module_preset=&#8221;default&#8221; custom_button=&#8221;on&#8221; button_text_color=&#8221;#000080&#8243; button_bg_color=&#8221;#87CEFA&#8221; button_border_color=&#8221;#000080&#8243; button_border_radius=&#8221;14px&#8221; animation_style=&#8221;roll&#8221; animation_direction=&#8221;bottom&#8221; animation_delay=&#8221;200ms&#8221; box_shadow_style=&#8221;preset3&#8243; box_shadow_color=&#8221;#000080&#8243; global_colors_info=&#8221;{}&#8221;][\/et_pb_button][\/et_pb_column][et_pb_column type=&#8221;1_3&#8243; _builder_version=&#8221;4.16&#8243; _module_preset=&#8221;default&#8221; global_colors_info=&#8221;{}&#8221;][et_pb_text _builder_version=&#8221;4.16&#8243; _module_preset=&#8221;default&#8221; custom_padding=&#8221;||0px|||&#8221; global_colors_info=&#8221;{}&#8221;]<\/p>\n<h3 style=\"text-align: center;\"><strong>Bewerbung Online-Deutschkurs<\/strong><\/h3>\n<p><strong><\/strong><\/p>\n<p><strong><\/strong><\/p>\n<p>[\/et_pb_text][et_pb_button button_url=&#8221;https:\/\/etitan.hu\/site\/en\/WebReg\/Registration\/uOhMB6v9IECtJstYxmRgEQ&#8221; url_new_window=&#8221;on&#8221; button_text=&#8221;Anmeldung&#8221; button_alignment=&#8221;center&#8221; _builder_version=&#8221;4.16&#8243; _module_preset=&#8221;default&#8221; custom_button=&#8221;on&#8221; button_text_color=&#8221;#000080&#8243; button_bg_color=&#8221;#87CEFA&#8221; button_border_color=&#8221;#000080&#8243; button_border_radius=&#8221;14px&#8221; animation_style=&#8221;roll&#8221; animation_direction=&#8221;bottom&#8221; animation_delay=&#8221;400ms&#8221; box_shadow_style=&#8221;preset3&#8243; box_shadow_color=&#8221;#000080&#8243; global_colors_info=&#8221;{}&#8221;][\/et_pb_button][\/et_pb_column][\/et_pb_row][\/et_pb_section]<\/p>\n","protected":false},"excerpt":{"rendered":"<p>Jelentkez\u00e9s online KRESZ tanfolyamraAktu\u00e1lis akci\u00f3nk a facebook oldalunkon l\u00e1that\u00f3, vagy irod\u00e1nkban \u00e9rdekl\u0151dni. Az akci\u00f3 abban az esetben \u00e9rv\u00e9nyes, ha a teljes k\u00e9pz\u00e9st iskol\u00e1nkn\u00e1l v\u00e9gzi el, ellenben iskolav\u00e1lt\u00e1skor visszafizetend\u0151. &nbsp;Apply for an English language online courseBewerbung Online-Deutschkurs<\/p>\n","protected":false},"author":1,"featured_media":0,"parent":0,"menu_order":0,"comment_status":"closed","ping_status":"closed","template":"","meta":{"_et_pb_use_builder":"on","_et_pb_old_content":"","_et_gb_content_width":"","footnotes":""},"class_list":["post-458","page","type-page","status-publish","hentry"],"_links":{"self":[{"href":"https:\/\/rutinautosiskola.hu\/index.php?rest_route=\/wp\/v2\/pages\/458","targetHints":{"allow":["GET"]}}],"collection":[{"href":"https:\/\/rutinautosiskola.hu\/index.php?rest_route=\/wp\/v2\/pages"}],"about":[{"href":"https:\/\/rutinautosiskola.hu\/index.php?rest_route=\/wp\/v2\/types\/page"}],"author":[{"embeddable":true,"href":"https:\/\/rutinautosiskola.hu\/index.php?rest_route=\/wp\/v2\/users\/1"}],"replies":[{"embeddable":true,"href":"https:\/\/rutinautosiskola.hu\/index.php?rest_route=%2Fwp%2Fv2%2Fcomments&post=458"}],"version-history":[{"count":11,"href":"https:\/\/rutinautosiskola.hu\/index.php?rest_route=\/wp\/v2\/pages\/458\/revisions"}],"predecessor-version":[{"id":960,"href":"https:\/\/rutinautosiskola.hu\/index.php?rest_route=\/wp\/v2\/pages\/458\/revisions\/960"}],"wp:attachment":[{"href":"https:\/\/rutinautosiskola.hu\/index.php?rest_route=%2Fwp%2Fv2%2Fmedia&parent=458"}],"curies":[{"name":"wp","href":"https:\/\/api.w.org\/{rel}","templated":true}]}}