{"id":419,"date":"2024-01-22T18:16:12","date_gmt":"2024-01-22T18:16:12","guid":{"rendered":"http:\/\/www.rutinautosiskola.hu\/?page_id=419"},"modified":"2024-03-22T12:37:47","modified_gmt":"2024-03-22T12:37:47","slug":"kiegeszito-kepzeseink","status":"publish","type":"page","link":"https:\/\/rutinautosiskola.hu\/?page_id=419","title":{"rendered":"Kieg\u00e9sz\u00edt\u0151 k\u00e9pz\u00e9seink"},"content":{"rendered":"\n[et_pb_section fb_built=&#8221;1&#8243; _builder_version=&#8221;4.14.1&#8243; _module_preset=&#8221;default&#8221; global_colors_info=&#8221;{}&#8221;][et_pb_row _builder_version=&#8221;4.14.1&#8243; _module_preset=&#8221;default&#8221; global_colors_info=&#8221;{}&#8221;][et_pb_column type=&#8221;4_4&#8243; _builder_version=&#8221;4.14.1&#8243; _module_preset=&#8221;default&#8221; global_colors_info=&#8221;{}&#8221;][et_pb_text _builder_version=&#8221;4.14.1&#8243; _module_preset=&#8221;default&#8221; text_font=&#8221;Akaya Kanadaka|700||on|||||&#8221; text_text_color=&#8221;#000080&#8243; text_font_size=&#8221;30px&#8221; text_text_shadow_style=&#8221;preset1&#8243; text_text_shadow_color=&#8221;#87CEFA&#8221; global_colors_info=&#8221;{}&#8221;]<p style=\"text-align: center;\">Kieg\u00e9sz\u00edt\u0151 k\u00e9pz\u00e9seink<\/p>[\/et_pb_text][et_pb_text _builder_version=&#8221;4.14.1&#8243; _module_preset=&#8221;default&#8221; global_colors_info=&#8221;{}&#8221;]<p style=\"text-align: center;\"><span>Az al\u00e1bbi kieg\u00e9sz\u00edt\u0151 k\u00e9pz\u00e9sekhez tud regisztr\u00e1lni az itt tal\u00e1lhat\u00f3 fel\u00fcleten:<\/span><\/p>\n<table border=\"1\" style=\"border-collapse: collapse; width: 100%;\" height=\"189\">\n<tbody>\n<tr>\n<td style=\"width: 50%; text-align: center;\"><span>ECO-driving vezet\u00e9stechnikai oktat\u00f3anyag<\/span><\/td>\n<td style=\"width: 50%; text-align: center;\"><span>Eg\u00e9szs\u00e9g\u00fcgy \u00e9s \u00c9letment\u00e9s vizsgafelk\u00e9sz\u00edt\u0151<\/span><\/td>\n<\/tr>\n<tr>\n<td style=\"width: 50%; text-align: center;\"><span>Elektromos aut\u00f3 vezet\u00e9stechnikai oktat\u00f3anyag<\/span><\/td>\n<td style=\"width: 50%; text-align: center;\"><span>B vizsgafelk\u00e9sz\u00edt\u0151<\/span><\/td>\n<\/tr>\n<tr>\n<td style=\"width: 50%; text-align: center;\"><span>P\u00f3tkocsi vontat\u00e1sa oktat\u00f3anyag<\/span><\/td>\n<td style=\"width: 50%; text-align: center;\"><span>Hibrid Aut\u00f3 vezet\u00e9stechnikai tananyag<\/span><\/td>\n<\/tr>\n<tr>\n<td style=\"width: 50%; text-align: center;\"><span>\u201eB\u201d gyakorlati vizsgafelk\u00e9sz\u00edt\u0151<\/span><\/td>\n<td style=\"width: 50%; text-align: center;\"><span>A-A1-A1(B)-A2-A \u00e9s A2Kieg vizsgafelk\u00e9sz\u00edt\u0151<\/span><\/td>\n<\/tr>\n<tr>\n<td style=\"width: 50%; text-align: right;\"><span>\u201eB\u201d Vizsga\u00fatvonalak \u2013 Csongr\u00e1d-Csan\u00e1d v\u00e1rmegye (Szeged)<\/span><\/td>\n<td style=\"width: 50%; text-align: center;\"><span>Exam Preparation Material for the Official Theory Test for Category \u201eB\u201d<\/span><\/td>\n<\/tr>\n<\/tbody>\n<\/table>[\/et_pb_text][\/et_pb_column][\/et_pb_row][\/et_pb_section]\n","protected":false},"excerpt":{"rendered":"<p>Kieg\u00e9sz\u00edt\u0151 k\u00e9pz\u00e9seinkAz al\u00e1bbi kieg\u00e9sz\u00edt\u0151 k\u00e9pz\u00e9sekhez tud regisztr\u00e1lni az itt tal\u00e1lhat\u00f3 fel\u00fcleten: ECO-driving vezet\u00e9stechnikai oktat\u00f3anyag Eg\u00e9szs\u00e9g\u00fcgy \u00e9s \u00c9letment\u00e9s vizsgafelk\u00e9sz\u00edt\u0151 Elektromos aut\u00f3 vezet\u00e9stechnikai oktat\u00f3anyag B vizsgafelk\u00e9sz\u00edt\u0151 P\u00f3tkocsi vontat\u00e1sa oktat\u00f3anyag Hibrid Aut\u00f3 vezet\u00e9stechnikai tananyag \u201eB\u201d gyakorlati vizsgafelk\u00e9sz\u00edt\u0151 A-A1-A1(B)-A2-A \u00e9s A2Kieg vizsgafelk\u00e9sz\u00edt\u0151 \u201eB\u201d Vizsga\u00fatvonalak \u2013 Csongr\u00e1d-Csan\u00e1d v\u00e1rmegye (Szeged) Exam Preparation Material for the Official Theory Test for Category \u201eB\u201d<\/p>\n","protected":false},"author":1,"featured_media":0,"parent":0,"menu_order":0,"comment_status":"closed","ping_status":"closed","template":"","meta":{"_et_pb_use_builder":"on","_et_pb_old_content":"","_et_gb_content_width":"","footnotes":""},"class_list":["post-419","page","type-page","status-publish","hentry"],"_links":{"self":[{"href":"https:\/\/rutinautosiskola.hu\/index.php?rest_route=\/wp\/v2\/pages\/419","targetHints":{"allow":["GET"]}}],"collection":[{"href":"https:\/\/rutinautosiskola.hu\/index.php?rest_route=\/wp\/v2\/pages"}],"about":[{"href":"https:\/\/rutinautosiskola.hu\/index.php?rest_route=\/wp\/v2\/types\/page"}],"author":[{"embeddable":true,"href":"https:\/\/rutinautosiskola.hu\/index.php?rest_route=\/wp\/v2\/users\/1"}],"replies":[{"embeddable":true,"href":"https:\/\/rutinautosiskola.hu\/index.php?rest_route=%2Fwp%2Fv2%2Fcomments&post=419"}],"version-history":[{"count":7,"href":"https:\/\/rutinautosiskola.hu\/index.php?rest_route=\/wp\/v2\/pages\/419\/revisions"}],"predecessor-version":[{"id":564,"href":"https:\/\/rutinautosiskola.hu\/index.php?rest_route=\/wp\/v2\/pages\/419\/revisions\/564"}],"wp:attachment":[{"href":"https:\/\/rutinautosiskola.hu\/index.php?rest_route=%2Fwp%2Fv2%2Fmedia&parent=419"}],"curies":[{"name":"wp","href":"https:\/\/api.w.org\/{rel}","templated":true}]}}