{"id":417,"date":"2024-01-22T18:15:53","date_gmt":"2024-01-22T18:15:53","guid":{"rendered":"http:\/\/www.rutinautosiskola.hu\/?page_id=417"},"modified":"2026-02-16T17:17:43","modified_gmt":"2026-02-16T17:17:43","slug":"araink-2","status":"publish","type":"page","link":"https:\/\/rutinautosiskola.hu\/?page_id=417","title":{"rendered":"\u00c1raink"},"content":{"rendered":"<p>[et_pb_section fb_built=&#8221;1&#8243; _builder_version=&#8221;4.16&#8243; _module_preset=&#8221;default&#8221; global_colors_info=&#8221;{}&#8221;][et_pb_row _builder_version=&#8221;4.16&#8243; _module_preset=&#8221;default&#8221; global_colors_info=&#8221;{}&#8221;][et_pb_column type=&#8221;4_4&#8243; _builder_version=&#8221;4.16&#8243; _module_preset=&#8221;default&#8221; global_colors_info=&#8221;{}&#8221;][et_pb_text _builder_version=&#8221;4.16&#8243; _module_preset=&#8221;default&#8221; text_font=&#8221;Akaya Kanadaka||||||||&#8221; text_text_color=&#8221;#000080&#8243; text_font_size=&#8221;47px&#8221; text_line_height=&#8221;1.1em&#8221; text_text_shadow_style=&#8221;preset1&#8243; text_text_shadow_color=&#8221;#87CEFA&#8221; global_colors_info=&#8221;{}&#8221;]<\/p>\n<p style=\"text-align: center;\">\u00c1raink szem\u00e9lyaut\u00f3 vezet\u00e9se eset\u00e9n<\/p>\n<p>[\/et_pb_text][\/et_pb_column][\/et_pb_row][et_pb_row column_structure=&#8221;1_2,1_2&#8243; _builder_version=&#8221;4.24.2&#8243; _module_preset=&#8221;default&#8221; min_height=&#8221;439px&#8221; height=&#8221;1000px&#8221; max_height=&#8221;402px&#8221; custom_margin=&#8221;|auto|17px|auto||&#8221; custom_padding=&#8221;10px||0px|0px|false|false&#8221; border_radii=&#8221;on|15px|15px|15px|15px&#8221; border_width_all=&#8221;5px&#8221; border_color_all=&#8221;#87CEFA&#8221; box_shadow_style=&#8221;preset2&#8243; global_colors_info=&#8221;{}&#8221;][et_pb_column type=&#8221;1_2&#8243; _builder_version=&#8221;4.16&#8243; _module_preset=&#8221;default&#8221; global_colors_info=&#8221;{}&#8221;][et_pb_text _builder_version=&#8221;4.16&#8243; _module_preset=&#8221;default&#8221; text_font=&#8221;|||on|||||&#8221; text_text_color=&#8221;#696969&#8243; text_font_size=&#8221;20px&#8221; global_colors_info=&#8221;{}&#8221;][\/et_pb_text][et_pb_text _builder_version=&#8221;4.16&#8243; _module_preset=&#8221;default&#8221; text_font=&#8221;|||on|||||&#8221; text_text_color=&#8221;#696969&#8243; text_font_size=&#8221;20px&#8221; global_colors_info=&#8221;{}&#8221;][\/et_pb_text][et_pb_text _builder_version=&#8221;4.16&#8243; _module_preset=&#8221;default&#8221; text_font=&#8221;|||on|||||&#8221; text_text_color=&#8221;#696969&#8243; text_font_size=&#8221;20px&#8221; global_colors_info=&#8221;{}&#8221;][\/et_pb_text][et_pb_text _builder_version=&#8221;4.16&#8243; _module_preset=&#8221;default&#8221; text_font=&#8221;|||on|||||&#8221; text_text_color=&#8221;#696969&#8243; text_font_size=&#8221;20px&#8221; text_text_shadow_style=&#8221;preset3&#8243; text_text_shadow_color=&#8221;#87CEFA&#8221; global_colors_info=&#8221;{}&#8221;]<\/p>\n<p style=\"text-align: center;\">Elm\u00e9lethez kapcsol\u00f3d\u00f3<\/p>\n<p style=\"text-align: center;\">d\u00edjaink<\/p>\n<p>[\/et_pb_text][\/et_pb_column][et_pb_column type=&#8221;1_2&#8243; _builder_version=&#8221;4.16&#8243; _module_preset=&#8221;default&#8221; global_colors_info=&#8221;{}&#8221;][et_pb_text _builder_version=&#8221;4.16&#8243; _module_preset=&#8221;default&#8221; custom_padding=&#8221;|47px|0px|||&#8221; global_colors_info=&#8221;{}&#8221;]<\/p>\n<p>5\u00a0<\/p>\n<table border=\"1\" style=\"border-collapse: collapse; width: 112.387%;\" height=\"236\">\n<tbody>\n<tr>\n<td style=\"width: 50%;\"><strong>Tantermi KRESZ tanfolyam d\u00edja<\/strong><\/td>\n<td style=\"width: 50%;\">\n<p>55,000 Ft<br \/>Aktu\u00e1lis akci\u00f3nk a <a href=\"https:\/\/www.facebook.com\/rutinszegedautosiskola?locale=hu_HU\">Facebook<\/a> oldalunkon megtekinthet\u0151.<\/p>\n<\/td>\n<\/tr>\n<tr>\n<td style=\"width: 50%;\"><strong>E-learning tanfolyam d\u00edja<\/strong><\/td>\n<td style=\"width: 50%;\">45.000 Ft<br \/>Aktu\u00e1lis akci\u00f3nk a <a href=\"https:\/\/www.facebook.com\/rutinszegedautosiskola?locale=hu_HU\">Facebook<\/a> oldalunkon megtekinthet\u0151<\/td>\n<\/tr>\n<tr>\n<td style=\"width: 50%;\"><strong>KRESZ vizsgad\u00edj<\/strong><\/td>\n<td style=\"width: 50%;\">4600 Ft<\/td>\n<\/tr>\n<tr>\n<td style=\"width: 50%;\"><strong>KRESZ tank\u00f6nyv<\/strong><\/td>\n<td style=\"width: 50%;\">4000 Ft<\/td>\n<\/tr>\n<\/tbody>\n<\/table>\n<p>&nbsp;<\/p>\n<p>[\/et_pb_text][\/et_pb_column][\/et_pb_row][et_pb_row column_structure=&#8221;1_2,1_2&#8243; _builder_version=&#8221;4.24.2&#8243; _module_preset=&#8221;default&#8221; custom_margin=&#8221;43px|auto||auto||&#8221; border_radii=&#8221;on|24px|24px|24px|24px&#8221; border_width_all=&#8221;4px&#8221; border_color_all=&#8221;#00FA9A&#8221; box_shadow_style=&#8221;preset2&#8243; global_colors_info=&#8221;{}&#8221;][et_pb_column type=&#8221;1_2&#8243; _builder_version=&#8221;4.16&#8243; _module_preset=&#8221;default&#8221; global_colors_info=&#8221;{}&#8221;][et_pb_text _builder_version=&#8221;4.27.4&#8243; _module_preset=&#8221;default&#8221; hover_enabled=&#8221;0&#8243; global_colors_info=&#8221;{}&#8221; sticky_enabled=&#8221;0&#8243;][\/et_pb_text][et_pb_text _builder_version=&#8221;4.16&#8243; _module_preset=&#8221;default&#8221; global_colors_info=&#8221;{}&#8221;][\/et_pb_text][et_pb_text _builder_version=&#8221;4.16&#8243; _module_preset=&#8221;default&#8221; text_font=&#8221;|||on|||||&#8221; text_text_color=&#8221;#696969&#8243; text_font_size=&#8221;20px&#8221; text_text_shadow_style=&#8221;preset3&#8243; text_text_shadow_color=&#8221;#00FA9A&#8221; global_colors_info=&#8221;{}&#8221;]<\/p>\n<p style=\"text-align: center;\">Gyakorlathoz kapcsol\u00f3d\u00f3<\/p>\n<p style=\"text-align: center;\">d\u00edjaink<\/p>\n<p>[\/et_pb_text][\/et_pb_column][et_pb_column type=&#8221;1_2&#8243; _builder_version=&#8221;4.16&#8243; _module_preset=&#8221;default&#8221; global_colors_info=&#8221;{}&#8221;][et_pb_text _builder_version=&#8221;4.27.4&#8243; _module_preset=&#8221;default&#8221; width=&#8221;100%&#8221; custom_padding=&#8221;|61px||||&#8221; hover_enabled=&#8221;0&#8243; global_colors_info=&#8221;{}&#8221; sticky_enabled=&#8221;0&#8243;]<\/p>\n<p>&nbsp;<\/p>\n<table border=\"1\" style=\"border-collapse: collapse; width: 112.387%;\" height=\"236\">\n<tbody>\n<tr>\n<td style=\"width: 50%;\"><b>Gyakorlati &#8211; \u00e9s p\u00f3t\u00f3ra<\/b><\/td>\n<td style=\"width: 50%;\">\n<p>\u00a09500 Ft<span style=\"font-size: 14px;\">\/50 perc<\/span><\/p>\n<p>9500 Ft\/50 perc<\/p>\n<p>Otat\u00f3 v\u00e1laszt\u00e1st\u00f3l f\u00fcgg\u0151en elt\u00e9r\u0151 \u00e1r is lehets\u00e9ges.\u00a0<\/p>\n<\/td>\n<\/tr>\n<tr>\n<td style=\"width: 50%;\"><b>Gyors\u00edtott \u00e9s automatav\u00e1lt\u00f3s gyakorlati \u00f3ra<\/b><\/td>\n<td style=\"width: 50%;\">11.000 Ft\/50 perc<\/td>\n<\/tr>\n<tr>\n<td style=\"width: 50%;\"><b>Idegen nyelv\u0171 gyakorlati \u00f3ra<\/b><\/td>\n<td style=\"width: 50%;\">12.000 Ft\/50 perc<\/td>\n<\/tr>\n<tr>\n<td style=\"width: 50%;\"><b>\u00a0Gyakorlati vizsga d\u00edja<\/b><\/td>\n<td style=\"width: 50%;\">11.000 Ft<\/td>\n<\/tr>\n<\/tbody>\n<\/table>\n<p>&nbsp;<\/p>\n<p>[\/et_pb_text][\/et_pb_column][\/et_pb_row][et_pb_row _builder_version=&#8221;4.16&#8243; _module_preset=&#8221;default&#8221; global_colors_info=&#8221;{}&#8221;][et_pb_column type=&#8221;4_4&#8243; _builder_version=&#8221;4.16&#8243; _module_preset=&#8221;default&#8221; global_colors_info=&#8221;{}&#8221;][et_pb_text _builder_version=&#8221;4.16&#8243; _module_preset=&#8221;default&#8221; text_font=&#8221;Akaya Kanadaka|700||on|||||&#8221; text_text_color=&#8221;#000000&#8243; text_font_size=&#8221;38px&#8221; text_line_height=&#8221;1.1em&#8221; custom_padding=&#8221;||14px|||&#8221; text_text_shadow_style=&#8221;preset1&#8243; text_text_shadow_color=&#8221;#00FA9A&#8221; global_colors_info=&#8221;{}&#8221;]<\/p>\n<p style=\"text-align: center;\">Minden tanul\u00f3nk \u00e9lhet a r\u00e9szletfizet\u00e9s lehet\u0151s\u00e9g\u00e9vel!<\/p>\n<p style=\"text-align: center;\">Kezd\u0151 befizet\u00e9s: Elm\u00e9leti tanfolyam, \u00e9s vizsgad\u00edj<\/p>\n<p>[\/et_pb_text][\/et_pb_column][\/et_pb_row][et_pb_row _builder_version=&#8221;4.16&#8243; _module_preset=&#8221;default&#8221; global_colors_info=&#8221;{}&#8221;][et_pb_column type=&#8221;4_4&#8243; _builder_version=&#8221;4.16&#8243; _module_preset=&#8221;default&#8221; global_colors_info=&#8221;{}&#8221;][et_pb_text _builder_version=&#8221;4.16&#8243; _module_preset=&#8221;default&#8221; text_font=&#8221;Akaya Kanadaka||||||||&#8221; text_text_color=&#8221;#000080&#8243; text_font_size=&#8221;47px&#8221; text_line_height=&#8221;1.1em&#8221; text_text_shadow_style=&#8221;preset1&#8243; text_text_shadow_color=&#8221;#87CEFA&#8221; global_colors_info=&#8221;{}&#8221;]<\/p>\n<p style=\"text-align: center;\">\u00c1raink motoros k\u00e9pz\u00e9s eset\u00e9n<\/p>\n<p>[\/et_pb_text][et_pb_text _builder_version=&#8221;4.24.2&#8243; _module_preset=&#8221;default&#8221; text_font=&#8221;||||||||&#8221; text_text_color=&#8221;#000000&#8243; text_font_size=&#8221;16px&#8221; custom_margin=&#8221;|-10px||||&#8221; custom_padding=&#8221;|67px||0px||&#8221; border_radii=&#8221;on|15px|15px|15px|15px&#8221; border_width_all=&#8221;5px&#8221; border_color_all=&#8221;#00FA9A&#8221; global_colors_info=&#8221;{}&#8221;]<\/p>\n<p>&nbsp;<\/p>\n<table border=\"1\" style=\"height: 376px; width: 92.7395%; border-collapse: collapse; margin-left: auto; margin-right: auto;\">\n<tbody>\n<tr style=\"height: 24px;\">\n<td style=\"width: 20%; height: 24px;\">Kateg\u00f3ri\u00e1k<\/td>\n<td style=\"width: 20%; height: 24px;\"><strong>Elm\u00e9leti tanfolyam<\/strong><\/td>\n<td style=\"width: 20%; height: 24px;\"><strong>Gyakorlati \u00f3rad\u00edj<\/strong><\/td>\n<td style=\"width: 27.9602%; height: 24px;\"><strong>Vizsgad\u00edjak<\/strong><\/td>\n<\/tr>\n<tr style=\"height: 10px;\">\n<td style=\"width: 20%; height: 10px;\"><strong>A1<\/strong><\/td>\n<td style=\"width: 20%; height: 10px;\">35.000 Ft<\/td>\n<td style=\"width: 20%; height: 10px;\">12000 Ft\/50 perc<\/td>\n<td style=\"width: 27.9602%; height: 10px;\">\n<p>Elm\u00e9let: 11.400 Ft<\/p>\n<p>J\u00e1rm\u0171kezel\u00e9s: 9800 Ft<\/p>\n<p>Forgalom: 26.200 Ft<\/p>\n<\/td>\n<\/tr>\n<tr style=\"height: 10px;\">\n<td style=\"width: 20%; height: 10px;\"><strong>A<\/strong><\/td>\n<td style=\"width: 20%; height: 10px;\">35.000 Ft<\/td>\n<td style=\"width: 20%; height: 10px;\">12000 Ft\/50 perc<\/td>\n<td style=\"width: 27.9602%; height: 10px;\">\n<p>Elm\u00e9let: 11.400 Ft<\/p>\n<p>J\u00e1rm\u0171kezel\u00e9s: 9800 Ft<\/p>\n<p>Forgalom: 26.200 Ft<\/p>\n<\/td>\n<\/tr>\n<tr style=\"height: 10px;\">\n<td style=\"width: 20%; height: 10px;\"><strong>A\u00a0 \u00a0 (egy \u00e9ven bel\u00fcl szerzett Ak vagy A1 vagy A2 kateg\u00f3ria eset\u00e9n)<\/strong><\/td>\n<td style=\"width: 20%; height: 10px;\">35.000 Ft<\/td>\n<td style=\"width: 20%; height: 10px;\">12000 Ft\/50 perc<\/td>\n<td style=\"width: 27.9602%; height: 10px;\">\n<p>Elm\u00e9let: 11.400 Ft<span style=\"font-size: medium;\"><\/span><\/p>\n<p><span style=\"font-size: medium;\">J\u00e1rm\u0171kezel\u00e9s: 9800 Ft<\/span><\/p>\n<p>Forgalom: 26.200 Ft<\/p>\n<\/td>\n<\/tr>\n<\/tbody>\n<\/table>\n<p>&nbsp;<\/p>\n<p>[\/et_pb_text][\/et_pb_column][\/et_pb_row][et_pb_row column_structure=&#8221;1_2,1_2&#8243; _builder_version=&#8221;4.24.2&#8243; _module_preset=&#8221;default&#8221; width=&#8221;82.4%&#8221; module_alignment=&#8221;center&#8221; custom_margin=&#8221;|-26px||74px||&#8221; border_radii=&#8221;on|15px|15px|15px|15px&#8221; border_width_all=&#8221;5px&#8221; border_color_all=&#8221;#87CEFA&#8221; global_colors_info=&#8221;{}&#8221;][et_pb_column type=&#8221;1_2&#8243; _builder_version=&#8221;4.16&#8243; _module_preset=&#8221;default&#8221; global_colors_info=&#8221;{}&#8221;][et_pb_text _builder_version=&#8221;4.16&#8243; _module_preset=&#8221;default&#8221; text_font=&#8221;Akaya Kanadaka|||on|||||&#8221; text_text_color=&#8221;#000000&#8243; text_font_size=&#8221;28px&#8221; text_orientation=&#8221;center&#8221; global_colors_info=&#8221;{}&#8221;]<\/p>\n<p>&nbsp;<\/p>\n<p>&nbsp;<\/p>\n<p>[\/et_pb_text][et_pb_text _builder_version=&#8221;4.16&#8243; _module_preset=&#8221;default&#8221; text_font=&#8221;Akaya Kanadaka|||on|||||&#8221; text_text_color=&#8221;#000000&#8243; text_font_size=&#8221;28px&#8221; text_orientation=&#8221;center&#8221; text_text_shadow_style=&#8221;preset3&#8243; text_text_shadow_color=&#8221;#87CEFA&#8221; global_colors_info=&#8221;{}&#8221;]<\/p>\n<p>Egy\u00e9b k\u00f6lts\u00e9gek<\/p>\n<p>[\/et_pb_text][\/et_pb_column][et_pb_column type=&#8221;1_2&#8243; _builder_version=&#8221;4.16&#8243; _module_preset=&#8221;default&#8221; global_colors_info=&#8221;{}&#8221;][et_pb_text _builder_version=&#8221;4.16&#8243; _module_preset=&#8221;default&#8221; text_font_size=&#8221;15px&#8221; custom_margin=&#8221;|25px||||&#8221; custom_padding=&#8221;|47px||0px||&#8221; global_colors_info=&#8221;{}&#8221;]<\/p>\n<p>&nbsp;<\/p>\n<table border=\"1\" style=\"border-collapse: collapse; width: 112.387%;\" height=\"236\">\n<tbody>\n<tr>\n<td style=\"width: 50%;\"><b>Tanp\u00e1lya haszn\u00e1lati d\u00edj (kateg\u00f3riaf\u00fcggetlen) (egyszer felsz\u00e1moland\u00f3)<\/b><\/td>\n<td style=\"width: 50%;\">9.000 Ft<\/td>\n<\/tr>\n<tr>\n<td style=\"width: 50%;\"><strong>Els\u0151seg\u00e9ly tanfolyam<\/strong><\/td>\n<td style=\"width: 50%;\">10.000 Ft<\/td>\n<\/tr>\n<tr>\n<td style=\"width: 50%;\"><strong>Els\u0151seg\u00e9ly vizsgad\u00edj<\/strong><\/td>\n<td style=\"width: 50%;\">21.000 Ft<\/td>\n<\/tr>\n<tr>\n<td style=\"width: 50%;\"><strong>Honos\u00edt\u00e1s \u00fcgyint\u00e9z\u00e9s<\/strong><br \/><strong>Administration of forein driving licence recognition (naturalization)<\/strong><\/td>\n<td style=\"width: 50%;\">20.000 Ft<\/td>\n<\/tr>\n<\/tbody>\n<\/table>\n<p>&nbsp;<\/p>\n<p>[\/et_pb_text][\/et_pb_column][\/et_pb_row][\/et_pb_section]<\/p>\n","protected":false},"excerpt":{"rendered":"<p>\u00c1raink szem\u00e9lyaut\u00f3 vezet\u00e9se eset\u00e9nElm\u00e9lethez kapcsol\u00f3d\u00f3 d\u00edjaink5\u00a0 Tantermi KRESZ tanfolyam d\u00edja 55,000 FtAktu\u00e1lis akci\u00f3nk a Facebook oldalunkon megtekinthet\u0151. E-learning tanfolyam d\u00edja 45.000 FtAktu\u00e1lis akci\u00f3nk a Facebook oldalunkon megtekinthet\u0151 KRESZ vizsgad\u00edj 4600 Ft KRESZ tank\u00f6nyv 4000 Ft &nbsp;Gyakorlathoz kapcsol\u00f3d\u00f3 d\u00edjaink&nbsp; Gyakorlati &#8211; \u00e9s p\u00f3t\u00f3ra \u00a09500 Ft\/50 perc 9500 Ft\/50 perc Otat\u00f3 v\u00e1laszt\u00e1st\u00f3l f\u00fcgg\u0151en elt\u00e9r\u0151 \u00e1r is lehets\u00e9ges.\u00a0 [&hellip;]<\/p>\n","protected":false},"author":1,"featured_media":0,"parent":0,"menu_order":0,"comment_status":"closed","ping_status":"closed","template":"","meta":{"_et_pb_use_builder":"on","_et_pb_old_content":"","_et_gb_content_width":"","footnotes":""},"class_list":["post-417","page","type-page","status-publish","hentry"],"_links":{"self":[{"href":"https:\/\/rutinautosiskola.hu\/index.php?rest_route=\/wp\/v2\/pages\/417","targetHints":{"allow":["GET"]}}],"collection":[{"href":"https:\/\/rutinautosiskola.hu\/index.php?rest_route=\/wp\/v2\/pages"}],"about":[{"href":"https:\/\/rutinautosiskola.hu\/index.php?rest_route=\/wp\/v2\/types\/page"}],"author":[{"embeddable":true,"href":"https:\/\/rutinautosiskola.hu\/index.php?rest_route=\/wp\/v2\/users\/1"}],"replies":[{"embeddable":true,"href":"https:\/\/rutinautosiskola.hu\/index.php?rest_route=%2Fwp%2Fv2%2Fcomments&post=417"}],"version-history":[{"count":29,"href":"https:\/\/rutinautosiskola.hu\/index.php?rest_route=\/wp\/v2\/pages\/417\/revisions"}],"predecessor-version":[{"id":1054,"href":"https:\/\/rutinautosiskola.hu\/index.php?rest_route=\/wp\/v2\/pages\/417\/revisions\/1054"}],"wp:attachment":[{"href":"https:\/\/rutinautosiskola.hu\/index.php?rest_route=%2Fwp%2Fv2%2Fmedia&parent=417"}],"curies":[{"name":"wp","href":"https:\/\/api.w.org\/{rel}","templated":true}]}}