{"id":386,"date":"2024-01-22T18:16:25","date_gmt":"2024-01-22T18:16:25","guid":{"rendered":"http:\/\/www.rutinautosiskola.hu\/?page_id=386"},"modified":"2026-04-14T13:43:46","modified_gmt":"2026-04-14T13:43:46","slug":"386-2","status":"publish","type":"page","link":"https:\/\/rutinautosiskola.hu\/","title":{"rendered":"F\u0151oldal"},"content":{"rendered":"<p>[et_pb_section fb_built=&#8221;1&#8243; _builder_version=&#8221;4.27.4&#8243; _module_preset=&#8221;default&#8221; global_colors_info=&#8221;{}&#8221;][et_pb_row _builder_version=&#8221;4.27.4&#8243; _module_preset=&#8221;default&#8221; global_colors_info=&#8221;{}&#8221;][et_pb_column type=&#8221;4_4&#8243; _builder_version=&#8221;4.27.4&#8243; _module_preset=&#8221;default&#8221; global_colors_info=&#8221;{}&#8221;][et_pb_text _builder_version=&#8221;4.27.4&#8243; _module_preset=&#8221;default&#8221; global_colors_info=&#8221;{}&#8221;]<\/p>\n<p>Kedves Tanul\u00f3k!<\/p>\n<p>Ez\u00faton is szeretn\u00e9nk Titeket t\u00e1j\u00e9koztatni, hogy 2026. \u00e1prilis 15-\u00e9n, szerd\u00e1n 14:00-t\u00f3l 16:00-ig tartunk nyitva.<\/p>\n<p>\u00dcdv\u00f6zlettel:<\/p>\n<p>a RUTIN Aut\u00f3siskola csapata<\/p>\n<p>[\/et_pb_text][\/et_pb_column][\/et_pb_row][et_pb_row column_structure=&#8221;1_3,1_3,1_3&#8243; _builder_version=&#8221;4.27.4&#8243; _module_preset=&#8221;default&#8221; global_colors_info=&#8221;{}&#8221;][et_pb_column type=&#8221;1_3&#8243; _builder_version=&#8221;4.27.4&#8243; _module_preset=&#8221;default&#8221; global_colors_info=&#8221;{}&#8221;][et_pb_blurb title=&#8221;Tantermi KRESZ tanfolyamunk&#8221; image=&#8221;http:\/\/rutinautosiskola.hu\/wp-content\/uploads\/2023\/11\/tantermi-e1763743813682.png&#8221; _builder_version=&#8221;4.27.4&#8243; _module_preset=&#8221;default&#8221; global_colors_info=&#8221;{}&#8221;]<\/p>\n<p>F\u00f6lde\u00e1k:<\/p>\n<p>&nbsp;<\/p>\n<p>&nbsp;<\/p>\n<p>Szeged:<\/p>\n<p>&nbsp;<\/p>\n<p>&nbsp;<\/p>\n<p>Tanfolyamainkat t\u00f6bb, mint 20 \u00e9v tapasztalat\u00e1val rendelkez\u0151 szakoktat\u00f3 tartja, akinek a v\u00e9lem\u00e9ny\u00e9t m\u00e9g a sajt\u00f3 is publik\u00e1lja.<\/p>\n<p>[\/et_pb_blurb][\/et_pb_column][et_pb_column type=&#8221;1_3&#8243; _builder_version=&#8221;4.27.4&#8243; _module_preset=&#8221;default&#8221; global_colors_info=&#8221;{}&#8221;][et_pb_blurb title=&#8221;Els\u0151seg\u00e9ly tanfolyamunk&#8221; image=&#8221;http:\/\/rutinautosiskola.hu\/wp-content\/uploads\/2023\/11\/elsosegely-e1763743659638.png&#8221; _builder_version=&#8221;4.27.4&#8243; _module_preset=&#8221;default&#8221; global_colors_info=&#8221;{}&#8221;]<\/p>\n<p>Indul\u00e1s, \u00e9s tanfolyam id\u0151pontok:<\/p>\n<pre class=\"h-print-text\">\n<\/pre>\n<p>A h\u00e1rom alkalom egy tanfolyamhoz tartozik, \u00e9s mindegyik alkalommal 16:00-19:00-ig tartanak a foglalkoz\u00e1sok.<\/p>\n<p>Els\u0151seg\u00e9ly foglalkoz\u00e1sainkat tapasztalt ment\u0151tiszt tartja, aki a tanfolyam sor\u00e1n nem csak a vizsg\u00e1hoz sz\u00fcks\u00e9ges, hanem a h\u00e9tk\u00f6znapokban haszn\u00e1lhat\u00f3, \u00e9s fontos tud\u00e1st is.<\/p>\n<p>[\/et_pb_blurb][\/et_pb_column][et_pb_column type=&#8221;1_3&#8243; _builder_version=&#8221;4.27.4&#8243; _module_preset=&#8221;default&#8221; global_colors_info=&#8221;{}&#8221;][et_pb_blurb title=&#8221;R\u00f3lunk&#8221; image=&#8221;http:\/\/rutinautosiskola.hu\/wp-content\/uploads\/2024\/01\/1704898177966-scaled.jpg&#8221; _builder_version=&#8221;4.27.4&#8243; _module_preset=&#8221;default&#8221; global_colors_info=&#8221;{}&#8221;]<\/p>\n<p>K\u00f6sz\u00f6nt\u00fcnk a Rutin Aut\u00f3siskola honlapj\u00e1n!<\/p>\n<p>V\u00e1laszt\u00e1s el\u0151tt \u00e1llsz, \u00e9s nem tudod, mit, merre, mennyi\u00e9rt?<br \/>Iskol\u00e1nkn\u00e1l megszerezheted aut\u00f3- vagy motorvezet\u0151i jogos\u00edtv\u00e1nyodat, \u00e9s seg\u00edt\u00fcnk az els\u0151seg\u00e9ly vizsg\u00e1ban is.<\/p>\n<p>Fontosnak tartjuk, hogy a tanul\u00f3ink \u00e1tl\u00e1thass\u00e1k a jogos\u00edtv\u00e1ny megszerz\u00e9s\u00e9nek eg\u00e9sz folyamat\u00e1t,<br \/>a tank\u00f6nyvekt\u0151l a vizsgad\u00edjakig. B\u00f6ng\u00e9szd teh\u00e1t b\u00e1tran honlapunkat, ahol rem\u00e9lj\u00fck minden<br \/>k\u00e9rd\u00e9sedre v\u00e1laszt tal\u00e1lsz.<\/p>\n<p>Ha \u00fagy \u00e9rzed, tov\u00e1bbi inform\u00e1ci\u00f3ra van sz\u00fcks\u00e9ged, vagy egyedi ig\u00e9nyed van, keress minket a 06 62-423-986-os telefonsz\u00e1mon, vagy k\u00fcldj egy \u00fczenetet az rutinszeged@gmail.com\u00a0 c\u00edmre.<\/p>\n<p>Legfrissebb akci\u00f3ink\u00e1rt pedig k\u00f6vesd be instagram (rutinszeged) \u00e9s facebook (Rutin Aut\u00f3siskola) oldalunkat.<\/p>\n<p>Rem\u00e9lj\u00fck, Veled is tal\u00e1lkozunk k\u00f6vetkez\u0151 tanfolyamainkon!<\/p>\n<p>[\/et_pb_blurb][\/et_pb_column][\/et_pb_row][\/et_pb_section]<\/p>\n","protected":false},"excerpt":{"rendered":"<p>Kedves Tanul\u00f3k! Ez\u00faton is szeretn\u00e9nk Titeket t\u00e1j\u00e9koztatni, hogy 2026. \u00e1prilis 15-\u00e9n, szerd\u00e1n 14:00-t\u00f3l 16:00-ig tartunk nyitva. \u00dcdv\u00f6zlettel: a RUTIN Aut\u00f3siskola csapataF\u00f6lde\u00e1k: &nbsp; &nbsp; Szeged: &nbsp; &nbsp; Tanfolyamainkat t\u00f6bb, mint 20 \u00e9v tapasztalat\u00e1val rendelkez\u0151 szakoktat\u00f3 tartja, akinek a v\u00e9lem\u00e9ny\u00e9t m\u00e9g a sajt\u00f3 is publik\u00e1lja.Indul\u00e1s, \u00e9s tanfolyam id\u0151pontok: A h\u00e1rom alkalom egy tanfolyamhoz tartozik, \u00e9s mindegyik alkalommal [&hellip;]<\/p>\n","protected":false},"author":1,"featured_media":0,"parent":0,"menu_order":0,"comment_status":"closed","ping_status":"closed","template":"","meta":{"_et_pb_use_builder":"on","_et_pb_old_content":"","_et_gb_content_width":"","footnotes":""},"class_list":["post-386","page","type-page","status-publish","hentry"],"_links":{"self":[{"href":"https:\/\/rutinautosiskola.hu\/index.php?rest_route=\/wp\/v2\/pages\/386","targetHints":{"allow":["GET"]}}],"collection":[{"href":"https:\/\/rutinautosiskola.hu\/index.php?rest_route=\/wp\/v2\/pages"}],"about":[{"href":"https:\/\/rutinautosiskola.hu\/index.php?rest_route=\/wp\/v2\/types\/page"}],"author":[{"embeddable":true,"href":"https:\/\/rutinautosiskola.hu\/index.php?rest_route=\/wp\/v2\/users\/1"}],"replies":[{"embeddable":true,"href":"https:\/\/rutinautosiskola.hu\/index.php?rest_route=%2Fwp%2Fv2%2Fcomments&post=386"}],"version-history":[{"count":147,"href":"https:\/\/rutinautosiskola.hu\/index.php?rest_route=\/wp\/v2\/pages\/386\/revisions"}],"predecessor-version":[{"id":1068,"href":"https:\/\/rutinautosiskola.hu\/index.php?rest_route=\/wp\/v2\/pages\/386\/revisions\/1068"}],"wp:attachment":[{"href":"https:\/\/rutinautosiskola.hu\/index.php?rest_route=%2Fwp%2Fv2%2Fmedia&parent=386"}],"curies":[{"name":"wp","href":"https:\/\/api.w.org\/{rel}","templated":true}]}}